{"id":670,"date":"2025-12-02T09:28:07","date_gmt":"2025-12-02T09:28:07","guid":{"rendered":"https:\/\/s-pet.si\/?page_id=670"},"modified":"2026-01-17T04:37:59","modified_gmt":"2026-01-17T04:37:59","slug":"subvencije-in-krediti-kako-do-njih","status":"publish","type":"page","link":"https:\/\/s-pet.si\/","title":{"rendered":"O nas"},"content":{"rendered":"\n<p><strong>S 5 d.o.o.\u00a0<\/strong>je dru\u017eba, v kateri se od leta 2009 ukvarjamo s poslovnim svetovanjem. Na\u0161im naro\u010dnikom (podjetja, javni zavodi, ob\u010dine) nudimo \u0161iroko paleto dejavnosti:<\/p>\n\n\n\n<p>\u2022 Pripravljamo investicijsko dokumentacijo za vse investicijske projekte, ki se financirajo po predpisih, ki urejajo javne finance.<br>\u2022 Za podjetja pripravljamo prijave za kandidiranje za nepovratna (subvencije) in povratna sredstva (krediti) iz nacionalnih in evropskih virov.<br>\u2022 Izdelujemo finan\u010dne, poslovne, investicijske in sanacijske na\u010drte.<br>\u2022 Svetujemo podjetjem v krizi.<\/p>\n\n\n\n<p><a href=\"https:\/\/s-pet.si\/?page_id=41\">Naro\u010dniki<\/a>, za katere smo izvedli uspe\u0161ne projekte, so iz razli\u010dnih panog: avtomobilska in kamionska industrija, biotehnologija, farmacija, energetika, kozmetika, ra\u010dunalni\u0161tvo in informatika, ribi\u0161tvo in ribja predelava, transport, trgovina, turizem, vija\u010dni materiali, zalo\u017eni\u0161tvo, \u017eeleznica, \u017eivilsko predelovalna industrija.<\/p>\n\n\n\n<p><\/p>\n","protected":false},"excerpt":{"rendered":"<p>S 5 d.o.o.\u00a0je dru\u017eba, v kateri se od leta 2009 ukvarjamo s poslovnim svetovanjem. Na\u0161im naro\u010dnikom (podjetja, javni zavodi, ob\u010dine) nudimo \u0161iroko paleto dejavnosti: \u2022 Pripravljamo investicijsko dokumentacijo za vse investicijske projekte, ki se financirajo po predpisih, ki urejajo javne finance.\u2022 Za podjetja pripravljamo prijave za kandidiranje za nepovratna (subvencije) in povratna sredstva (krediti) iz &hellip; <\/p>\n<p class=\"link-more\"><a href=\"https:\/\/s-pet.si\/\" class=\"more-link\">Read more<span class=\"screen-reader-text\"> &#8220;O nas&#8221;<\/span><\/a><\/p>\n","protected":false},"author":1,"featured_media":0,"parent":0,"menu_order":0,"comment_status":"closed","ping_status":"closed","template":"","meta":{"footnotes":""},"class_list":["post-670","page","type-page","status-publish","hentry"],"yoast_head":"<!-- This site is optimized with the Yoast SEO plugin v26.4 - https:\/\/yoast.com\/wordpress\/plugins\/seo\/ -->\n<title>Subvencije in krediti: klju\u010d do uspe\u0161nih projektov -<\/title>\n<meta name=\"description\" content=\"S 5 d.o.o., poslovno svetovanje, subvencije, krediti, investicijska dokumentacija za javne institucije, doma\u010di in EU skladi, javni razpisi\" \/>\n<meta name=\"robots\" content=\"index, follow, max-snippet:-1, max-image-preview:large, max-video-preview:-1\" \/>\n<link rel=\"canonical\" href=\"https:\/\/s-pet.si\/\" \/>\n<meta property=\"og:locale\" content=\"en_US\" \/>\n<meta property=\"og:type\" content=\"article\" \/>\n<meta property=\"og:title\" content=\"Subvencije in krediti: klju\u010d do uspe\u0161nih projektov -\" \/>\n<meta property=\"og:description\" content=\"S 5 d.o.o., poslovno svetovanje, subvencije, krediti, investicijska dokumentacija za javne institucije, doma\u010di in EU skladi, javni razpisi\" \/>\n<meta property=\"og:url\" content=\"https:\/\/s-pet.si\/\" \/>\n<meta property=\"article:modified_time\" content=\"2026-01-17T04:37:59+00:00\" \/>\n<meta name=\"twitter:card\" content=\"summary_large_image\" \/>\n<meta name=\"twitter:label1\" content=\"Est. reading time\" \/>\n\t<meta name=\"twitter:data1\" content=\"1 minute\" \/>\n<script type=\"application\/ld+json\" class=\"yoast-schema-graph\">{\"@context\":\"https:\/\/schema.org\",\"@graph\":[{\"@type\":\"WebPage\",\"@id\":\"https:\/\/s-pet.si\/\",\"url\":\"https:\/\/s-pet.si\/\",\"name\":\"Subvencije in krediti: klju\u010d do uspe\u0161nih projektov -\",\"isPartOf\":{\"@id\":\"https:\/\/s-pet.si\/#website\"},\"datePublished\":\"2025-12-02T09:28:07+00:00\",\"dateModified\":\"2026-01-17T04:37:59+00:00\",\"description\":\"S 5 d.o.o., poslovno svetovanje, subvencije, krediti, investicijska dokumentacija za javne institucije, doma\u010di in EU skladi, javni razpisi\",\"breadcrumb\":{\"@id\":\"https:\/\/s-pet.si\/#breadcrumb\"},\"inLanguage\":\"en-US\",\"potentialAction\":[{\"@type\":\"ReadAction\",\"target\":[\"https:\/\/s-pet.si\/\"]}]},{\"@type\":\"BreadcrumbList\",\"@id\":\"https:\/\/s-pet.si\/#breadcrumb\",\"itemListElement\":[{\"@type\":\"ListItem\",\"position\":1,\"name\":\"Home\",\"item\":\"https:\/\/s-pet.si\/\"},{\"@type\":\"ListItem\",\"position\":2,\"name\":\"O nas\"}]},{\"@type\":\"WebSite\",\"@id\":\"https:\/\/s-pet.si\/#website\",\"url\":\"https:\/\/s-pet.si\/\",\"name\":\"Z nami na poslovno pot\",\"description\":\"\",\"publisher\":{\"@id\":\"https:\/\/s-pet.si\/#organization\"},\"potentialAction\":[{\"@type\":\"SearchAction\",\"target\":{\"@type\":\"EntryPoint\",\"urlTemplate\":\"https:\/\/s-pet.si\/?s={search_term_string}\"},\"query-input\":{\"@type\":\"PropertyValueSpecification\",\"valueRequired\":true,\"valueName\":\"search_term_string\"}}],\"inLanguage\":\"en-US\"},{\"@type\":\"Organization\",\"@id\":\"https:\/\/s-pet.si\/#organization\",\"name\":\"S 5 d.o.o.\",\"url\":\"https:\/\/s-pet.si\/\",\"logo\":{\"@type\":\"ImageObject\",\"inLanguage\":\"en-US\",\"@id\":\"https:\/\/s-pet.si\/#\/schema\/logo\/image\/\",\"url\":\"https:\/\/s-pet.si\/wp-content\/uploads\/2025\/12\/lOGO_NOV2.png\",\"contentUrl\":\"https:\/\/s-pet.si\/wp-content\/uploads\/2025\/12\/lOGO_NOV2.png\",\"width\":286,\"height\":55,\"caption\":\"S 5 d.o.o.\"},\"image\":{\"@id\":\"https:\/\/s-pet.si\/#\/schema\/logo\/image\/\"}}]}<\/script>\n<!-- \/ Yoast SEO plugin. -->","yoast_head_json":{"title":"Subvencije in krediti: klju\u010d do uspe\u0161nih projektov -","description":"S 5 d.o.o., poslovno svetovanje, subvencije, krediti, investicijska dokumentacija za javne institucije, doma\u010di in EU skladi, javni razpisi","robots":{"index":"index","follow":"follow","max-snippet":"max-snippet:-1","max-image-preview":"max-image-preview:large","max-video-preview":"max-video-preview:-1"},"canonical":"https:\/\/s-pet.si\/","og_locale":"en_US","og_type":"article","og_title":"Subvencije in krediti: klju\u010d do uspe\u0161nih projektov -","og_description":"S 5 d.o.o., poslovno svetovanje, subvencije, krediti, investicijska dokumentacija za javne institucije, doma\u010di in EU skladi, javni razpisi","og_url":"https:\/\/s-pet.si\/","article_modified_time":"2026-01-17T04:37:59+00:00","twitter_card":"summary_large_image","twitter_misc":{"Est. reading time":"1 minute"},"schema":{"@context":"https:\/\/schema.org","@graph":[{"@type":"WebPage","@id":"https:\/\/s-pet.si\/","url":"https:\/\/s-pet.si\/","name":"Subvencije in krediti: klju\u010d do uspe\u0161nih projektov -","isPartOf":{"@id":"https:\/\/s-pet.si\/#website"},"datePublished":"2025-12-02T09:28:07+00:00","dateModified":"2026-01-17T04:37:59+00:00","description":"S 5 d.o.o., poslovno svetovanje, subvencije, krediti, investicijska dokumentacija za javne institucije, doma\u010di in EU skladi, javni razpisi","breadcrumb":{"@id":"https:\/\/s-pet.si\/#breadcrumb"},"inLanguage":"en-US","potentialAction":[{"@type":"ReadAction","target":["https:\/\/s-pet.si\/"]}]},{"@type":"BreadcrumbList","@id":"https:\/\/s-pet.si\/#breadcrumb","itemListElement":[{"@type":"ListItem","position":1,"name":"Home","item":"https:\/\/s-pet.si\/"},{"@type":"ListItem","position":2,"name":"O nas"}]},{"@type":"WebSite","@id":"https:\/\/s-pet.si\/#website","url":"https:\/\/s-pet.si\/","name":"Z nami na poslovno pot","description":"","publisher":{"@id":"https:\/\/s-pet.si\/#organization"},"potentialAction":[{"@type":"SearchAction","target":{"@type":"EntryPoint","urlTemplate":"https:\/\/s-pet.si\/?s={search_term_string}"},"query-input":{"@type":"PropertyValueSpecification","valueRequired":true,"valueName":"search_term_string"}}],"inLanguage":"en-US"},{"@type":"Organization","@id":"https:\/\/s-pet.si\/#organization","name":"S 5 d.o.o.","url":"https:\/\/s-pet.si\/","logo":{"@type":"ImageObject","inLanguage":"en-US","@id":"https:\/\/s-pet.si\/#\/schema\/logo\/image\/","url":"https:\/\/s-pet.si\/wp-content\/uploads\/2025\/12\/lOGO_NOV2.png","contentUrl":"https:\/\/s-pet.si\/wp-content\/uploads\/2025\/12\/lOGO_NOV2.png","width":286,"height":55,"caption":"S 5 d.o.o."},"image":{"@id":"https:\/\/s-pet.si\/#\/schema\/logo\/image\/"}}]}},"jetpack_sharing_enabled":true,"_links":{"self":[{"href":"https:\/\/s-pet.si\/index.php?rest_route=\/wp\/v2\/pages\/670","targetHints":{"allow":["GET"]}}],"collection":[{"href":"https:\/\/s-pet.si\/index.php?rest_route=\/wp\/v2\/pages"}],"about":[{"href":"https:\/\/s-pet.si\/index.php?rest_route=\/wp\/v2\/types\/page"}],"author":[{"embeddable":true,"href":"https:\/\/s-pet.si\/index.php?rest_route=\/wp\/v2\/users\/1"}],"replies":[{"embeddable":true,"href":"https:\/\/s-pet.si\/index.php?rest_route=%2Fwp%2Fv2%2Fcomments&post=670"}],"version-history":[{"count":10,"href":"https:\/\/s-pet.si\/index.php?rest_route=\/wp\/v2\/pages\/670\/revisions"}],"predecessor-version":[{"id":804,"href":"https:\/\/s-pet.si\/index.php?rest_route=\/wp\/v2\/pages\/670\/revisions\/804"}],"wp:attachment":[{"href":"https:\/\/s-pet.si\/index.php?rest_route=%2Fwp%2Fv2%2Fmedia&parent=670"}],"curies":[{"name":"wp","href":"https:\/\/api.w.org\/{rel}","templated":true}]}}