{"id":49,"date":"2025-11-25T14:51:08","date_gmt":"2025-11-25T14:51:08","guid":{"rendered":"https:\/\/s-pet.si\/?page_id=49"},"modified":"2025-12-09T12:33:27","modified_gmt":"2025-12-09T12:33:27","slug":"kje-smo","status":"publish","type":"page","link":"https:\/\/s-pet.si\/?page_id=49","title":{"rendered":"Kontakt"},"content":{"rendered":"\n<p>E-po\u0161ta: <strong>andrej.stankovic@siol.net<\/strong><\/p>\n\n\n\n<p>Telefon: <strong>041 640 366<\/strong><\/p>\n\n\n\n<p style=\"font-size:clamp(14px, 0.875rem + ((1vw - 3.2px) * 0.172), 16px);\">Naslov: <strong>S 5 d.o.o.<\/strong>, <strong>Brilejeva 13, 1000 Ljubljana<\/strong><\/p>\n\n\n\n<p>Mati\u010dna \u0161tevilka: <strong>3546270000<\/strong><\/p>\n\n\n\n<p>Dav\u010dna \u0161tevilka: <strong>SI32774800<\/strong><\/p>\n\n\n\n<p>TRR: <strong>SI56 0201 3025 7917 872<\/strong>, NLB d.d.<\/p>\n\n\n\n<p class=\"has-secondary-color has-text-color has-link-color wp-elements-b0be5c7a5ef087bcb46f882a4bd4edbe\"><a href=\"https:\/\/www.google.com\/maps\/place\/Brilejeva+ulica+13,+1000+Ljubljana\/@46.0849348,14.4692937,17z\/data=!3m1!4b1!4m6!3m5!1s0x477acd3b007ea2d7:0xd409470052905bad!8m2!3d46.0849311!4d14.471874!16s%2Fg%2F11nnkvdcld?entry=ttu&amp;g_ep=EgoyMDI1MTExNy4wIKXMDSoASAFQAw%3D%3D\"><strong>Lokacija<\/strong><\/a><\/p>\n\n\n\n<figure class=\"wp-block-image size-large is-resized\"><img loading=\"lazy\" decoding=\"async\" width=\"1024\" height=\"811\" src=\"https:\/\/s-pet.si\/wp-content\/uploads\/2025\/11\/Naslov-1024x811.png\" alt=\"\" class=\"wp-image-201\" style=\"width:700px\" srcset=\"https:\/\/s-pet.si\/wp-content\/uploads\/2025\/11\/Naslov-1024x811.png 1024w, https:\/\/s-pet.si\/wp-content\/uploads\/2025\/11\/Naslov-300x237.png 300w, https:\/\/s-pet.si\/wp-content\/uploads\/2025\/11\/Naslov-768x608.png 768w, https:\/\/s-pet.si\/wp-content\/uploads\/2025\/11\/Naslov.png 1526w\" sizes=\"auto, (max-width: 1024px) 100vw, 1024px\" \/><\/figure>\n\n\n\n<p><\/p>\n","protected":false},"excerpt":{"rendered":"<p>E-po\u0161ta: andrej.stankovic@siol.net Telefon: 041 640 366 Naslov: S 5 d.o.o., Brilejeva 13, 1000 Ljubljana Mati\u010dna \u0161tevilka: 3546270000 Dav\u010dna \u0161tevilka: SI32774800 TRR: SI56 0201 3025 7917 872, NLB d.d. Lokacija<\/p>\n","protected":false},"author":1,"featured_media":0,"parent":0,"menu_order":0,"comment_status":"closed","ping_status":"closed","template":"","meta":{"footnotes":""},"class_list":["post-49","page","type-page","status-publish","hentry"],"yoast_head":"<!-- This site is optimized with the Yoast SEO plugin v26.4 - https:\/\/yoast.com\/wordpress\/plugins\/seo\/ -->\n<title>Kontakt -<\/title>\n<meta name=\"robots\" content=\"index, follow, max-snippet:-1, max-image-preview:large, max-video-preview:-1\" \/>\n<link rel=\"canonical\" href=\"https:\/\/s-pet.si\/?page_id=49\" \/>\n<meta property=\"og:locale\" content=\"en_US\" \/>\n<meta property=\"og:type\" content=\"article\" \/>\n<meta property=\"og:title\" content=\"Kontakt -\" \/>\n<meta property=\"og:description\" content=\"E-po\u0161ta: andrej.stankovic@siol.net Telefon: 041 640 366 Naslov: S 5 d.o.o., Brilejeva 13, 1000 Ljubljana Mati\u010dna \u0161tevilka: 3546270000 Dav\u010dna \u0161tevilka: SI32774800 TRR: SI56 0201 3025 7917 872, NLB d.d. Lokacija\" \/>\n<meta property=\"og:url\" content=\"https:\/\/s-pet.si\/?page_id=49\" \/>\n<meta property=\"article:modified_time\" content=\"2025-12-09T12:33:27+00:00\" \/>\n<meta property=\"og:image\" content=\"https:\/\/s-pet.si\/wp-content\/uploads\/2025\/11\/Naslov.png\" \/>\n\t<meta property=\"og:image:width\" content=\"1526\" \/>\n\t<meta property=\"og:image:height\" content=\"1208\" \/>\n\t<meta property=\"og:image:type\" content=\"image\/png\" \/>\n<meta name=\"twitter:card\" content=\"summary_large_image\" \/>\n<meta name=\"twitter:label1\" content=\"Est. reading time\" \/>\n\t<meta name=\"twitter:data1\" content=\"1 minute\" \/>\n<script type=\"application\/ld+json\" class=\"yoast-schema-graph\">{\"@context\":\"https:\/\/schema.org\",\"@graph\":[{\"@type\":\"WebPage\",\"@id\":\"https:\/\/s-pet.si\/?page_id=49\",\"url\":\"https:\/\/s-pet.si\/?page_id=49\",\"name\":\"Kontakt -\",\"isPartOf\":{\"@id\":\"https:\/\/s-pet.si\/#website\"},\"primaryImageOfPage\":{\"@id\":\"https:\/\/s-pet.si\/?page_id=49#primaryimage\"},\"image\":{\"@id\":\"https:\/\/s-pet.si\/?page_id=49#primaryimage\"},\"thumbnailUrl\":\"https:\/\/s-pet.si\/wp-content\/uploads\/2025\/11\/Naslov-1024x811.png\",\"datePublished\":\"2025-11-25T14:51:08+00:00\",\"dateModified\":\"2025-12-09T12:33:27+00:00\",\"breadcrumb\":{\"@id\":\"https:\/\/s-pet.si\/?page_id=49#breadcrumb\"},\"inLanguage\":\"en-US\",\"potentialAction\":[{\"@type\":\"ReadAction\",\"target\":[\"https:\/\/s-pet.si\/?page_id=49\"]}]},{\"@type\":\"ImageObject\",\"inLanguage\":\"en-US\",\"@id\":\"https:\/\/s-pet.si\/?page_id=49#primaryimage\",\"url\":\"https:\/\/s-pet.si\/wp-content\/uploads\/2025\/11\/Naslov.png\",\"contentUrl\":\"https:\/\/s-pet.si\/wp-content\/uploads\/2025\/11\/Naslov.png\",\"width\":1526,\"height\":1208},{\"@type\":\"BreadcrumbList\",\"@id\":\"https:\/\/s-pet.si\/?page_id=49#breadcrumb\",\"itemListElement\":[{\"@type\":\"ListItem\",\"position\":1,\"name\":\"Home\",\"item\":\"https:\/\/s-pet.si\/\"},{\"@type\":\"ListItem\",\"position\":2,\"name\":\"Kontakt\"}]},{\"@type\":\"WebSite\",\"@id\":\"https:\/\/s-pet.si\/#website\",\"url\":\"https:\/\/s-pet.si\/\",\"name\":\"Z nami na poslovno pot\",\"description\":\"\",\"publisher\":{\"@id\":\"https:\/\/s-pet.si\/#organization\"},\"potentialAction\":[{\"@type\":\"SearchAction\",\"target\":{\"@type\":\"EntryPoint\",\"urlTemplate\":\"https:\/\/s-pet.si\/?s={search_term_string}\"},\"query-input\":{\"@type\":\"PropertyValueSpecification\",\"valueRequired\":true,\"valueName\":\"search_term_string\"}}],\"inLanguage\":\"en-US\"},{\"@type\":\"Organization\",\"@id\":\"https:\/\/s-pet.si\/#organization\",\"name\":\"S 5 d.o.o.\",\"url\":\"https:\/\/s-pet.si\/\",\"logo\":{\"@type\":\"ImageObject\",\"inLanguage\":\"en-US\",\"@id\":\"https:\/\/s-pet.si\/#\/schema\/logo\/image\/\",\"url\":\"https:\/\/s-pet.si\/wp-content\/uploads\/2025\/12\/lOGO_NOV2.png\",\"contentUrl\":\"https:\/\/s-pet.si\/wp-content\/uploads\/2025\/12\/lOGO_NOV2.png\",\"width\":286,\"height\":55,\"caption\":\"S 5 d.o.o.\"},\"image\":{\"@id\":\"https:\/\/s-pet.si\/#\/schema\/logo\/image\/\"}}]}<\/script>\n<!-- \/ Yoast SEO plugin. -->","yoast_head_json":{"title":"Kontakt -","robots":{"index":"index","follow":"follow","max-snippet":"max-snippet:-1","max-image-preview":"max-image-preview:large","max-video-preview":"max-video-preview:-1"},"canonical":"https:\/\/s-pet.si\/?page_id=49","og_locale":"en_US","og_type":"article","og_title":"Kontakt -","og_description":"E-po\u0161ta: andrej.stankovic@siol.net Telefon: 041 640 366 Naslov: S 5 d.o.o., Brilejeva 13, 1000 Ljubljana Mati\u010dna \u0161tevilka: 3546270000 Dav\u010dna \u0161tevilka: SI32774800 TRR: SI56 0201 3025 7917 872, NLB d.d. Lokacija","og_url":"https:\/\/s-pet.si\/?page_id=49","article_modified_time":"2025-12-09T12:33:27+00:00","og_image":[{"width":1526,"height":1208,"url":"https:\/\/s-pet.si\/wp-content\/uploads\/2025\/11\/Naslov.png","type":"image\/png"}],"twitter_card":"summary_large_image","twitter_misc":{"Est. reading time":"1 minute"},"schema":{"@context":"https:\/\/schema.org","@graph":[{"@type":"WebPage","@id":"https:\/\/s-pet.si\/?page_id=49","url":"https:\/\/s-pet.si\/?page_id=49","name":"Kontakt -","isPartOf":{"@id":"https:\/\/s-pet.si\/#website"},"primaryImageOfPage":{"@id":"https:\/\/s-pet.si\/?page_id=49#primaryimage"},"image":{"@id":"https:\/\/s-pet.si\/?page_id=49#primaryimage"},"thumbnailUrl":"https:\/\/s-pet.si\/wp-content\/uploads\/2025\/11\/Naslov-1024x811.png","datePublished":"2025-11-25T14:51:08+00:00","dateModified":"2025-12-09T12:33:27+00:00","breadcrumb":{"@id":"https:\/\/s-pet.si\/?page_id=49#breadcrumb"},"inLanguage":"en-US","potentialAction":[{"@type":"ReadAction","target":["https:\/\/s-pet.si\/?page_id=49"]}]},{"@type":"ImageObject","inLanguage":"en-US","@id":"https:\/\/s-pet.si\/?page_id=49#primaryimage","url":"https:\/\/s-pet.si\/wp-content\/uploads\/2025\/11\/Naslov.png","contentUrl":"https:\/\/s-pet.si\/wp-content\/uploads\/2025\/11\/Naslov.png","width":1526,"height":1208},{"@type":"BreadcrumbList","@id":"https:\/\/s-pet.si\/?page_id=49#breadcrumb","itemListElement":[{"@type":"ListItem","position":1,"name":"Home","item":"https:\/\/s-pet.si\/"},{"@type":"ListItem","position":2,"name":"Kontakt"}]},{"@type":"WebSite","@id":"https:\/\/s-pet.si\/#website","url":"https:\/\/s-pet.si\/","name":"Z nami na poslovno pot","description":"","publisher":{"@id":"https:\/\/s-pet.si\/#organization"},"potentialAction":[{"@type":"SearchAction","target":{"@type":"EntryPoint","urlTemplate":"https:\/\/s-pet.si\/?s={search_term_string}"},"query-input":{"@type":"PropertyValueSpecification","valueRequired":true,"valueName":"search_term_string"}}],"inLanguage":"en-US"},{"@type":"Organization","@id":"https:\/\/s-pet.si\/#organization","name":"S 5 d.o.o.","url":"https:\/\/s-pet.si\/","logo":{"@type":"ImageObject","inLanguage":"en-US","@id":"https:\/\/s-pet.si\/#\/schema\/logo\/image\/","url":"https:\/\/s-pet.si\/wp-content\/uploads\/2025\/12\/lOGO_NOV2.png","contentUrl":"https:\/\/s-pet.si\/wp-content\/uploads\/2025\/12\/lOGO_NOV2.png","width":286,"height":55,"caption":"S 5 d.o.o."},"image":{"@id":"https:\/\/s-pet.si\/#\/schema\/logo\/image\/"}}]}},"jetpack_sharing_enabled":true,"_links":{"self":[{"href":"https:\/\/s-pet.si\/index.php?rest_route=\/wp\/v2\/pages\/49","targetHints":{"allow":["GET"]}}],"collection":[{"href":"https:\/\/s-pet.si\/index.php?rest_route=\/wp\/v2\/pages"}],"about":[{"href":"https:\/\/s-pet.si\/index.php?rest_route=\/wp\/v2\/types\/page"}],"author":[{"embeddable":true,"href":"https:\/\/s-pet.si\/index.php?rest_route=\/wp\/v2\/users\/1"}],"replies":[{"embeddable":true,"href":"https:\/\/s-pet.si\/index.php?rest_route=%2Fwp%2Fv2%2Fcomments&post=49"}],"version-history":[{"count":28,"href":"https:\/\/s-pet.si\/index.php?rest_route=\/wp\/v2\/pages\/49\/revisions"}],"predecessor-version":[{"id":774,"href":"https:\/\/s-pet.si\/index.php?rest_route=\/wp\/v2\/pages\/49\/revisions\/774"}],"wp:attachment":[{"href":"https:\/\/s-pet.si\/index.php?rest_route=%2Fwp%2Fv2%2Fmedia&parent=49"}],"curies":[{"name":"wp","href":"https:\/\/api.w.org\/{rel}","templated":true}]}}