{"id":250,"date":"2025-11-27T04:31:21","date_gmt":"2025-11-27T04:31:21","guid":{"rendered":"https:\/\/s-pet.si\/?page_id=250"},"modified":"2026-02-09T16:42:37","modified_gmt":"2026-02-09T16:42:37","slug":"subvencije-2","status":"publish","type":"page","link":"https:\/\/s-pet.si\/?page_id=250","title":{"rendered":"Storitve"},"content":{"rendered":"\n<p class=\"has-medium-font-size\"><strong>Nepovratna sredstva &#8211; subvencije<\/strong><\/p>\n\n\n\n<div class=\"wp-block-columns is-layout-flex wp-container-core-columns-is-layout-28f84493 wp-block-columns-is-layout-flex\">\n<div class=\"wp-block-column is-layout-flow wp-block-column-is-layout-flow\" style=\"flex-basis:80%\">\n<p style=\"font-size:clamp(14px, 0.875rem + ((1vw - 3.2px) * 0.345), 18px);\">V podjetju S 5 d.o.o. strankam nudimo celovito podporo pri pridobivanju nepovratnih sredstev, kar zajema:<br>\u2022 spremljanje in iskanje javnih razpisov, ki nudijo nepovratna sredstva,<br>\u2022 pomo\u010d pri oblikovanju ideje oz. projekta,<br>\u2022 pripravo potrebne dokumentacije za prijavo na razpise (poslovni, predstavitveni, akcijski in okoljski na\u010drti \u2013 odvisno od zahtev razpisa), investicijski program,<br>\u2022 usmerjanje pri zbiranju potrebne dokumentacije (obveznih prilog),<br>\u2022 podporo v \u010dasu izvajanja projekta (projektno vodenje),<br>\u2022 pripravo zahtevkov za izpla\u010dila ter poro\u010dil o izvajanju in zaklju\u010dku projekta.<\/p>\n<\/div>\n\n\n\n<div class=\"wp-block-column is-layout-flow wp-block-column-is-layout-flow\" style=\"flex-basis:33.33%\">\n<figure class=\"wp-block-image size-full\"><img loading=\"lazy\" decoding=\"async\" width=\"1024\" height=\"707\" src=\"https:\/\/s-pet.si\/wp-content\/uploads\/2025\/11\/money.jpg\" alt=\"\" class=\"wp-image-286\" srcset=\"https:\/\/s-pet.si\/wp-content\/uploads\/2025\/11\/money.jpg 1024w, https:\/\/s-pet.si\/wp-content\/uploads\/2025\/11\/money-300x207.jpg 300w, https:\/\/s-pet.si\/wp-content\/uploads\/2025\/11\/money-768x530.jpg 768w\" sizes=\"auto, (max-width: 1024px) 100vw, 1024px\" \/><\/figure>\n<\/div>\n<\/div>\n\n\n\n<p style=\"font-size:clamp(14px, 0.875rem + ((1vw - 3.2px) * 0.517), 20px);\"><strong>Povratna sredstva \u2013 krediti<\/strong><\/p>\n\n\n\n<div class=\"wp-block-columns is-layout-flex wp-container-core-columns-is-layout-28f84493 wp-block-columns-is-layout-flex\">\n<div class=\"wp-block-column is-layout-flow wp-block-column-is-layout-flow\" style=\"flex-basis:33.33%\">\n<figure class=\"wp-block-image\"><img loading=\"lazy\" decoding=\"async\" width=\"1024\" height=\"683\" src=\"https:\/\/s-pet.si\/wp-content\/uploads\/2025\/11\/Slika_krediti-1024x683.png\" alt=\"\" class=\"wp-image-226\" srcset=\"https:\/\/s-pet.si\/wp-content\/uploads\/2025\/11\/Slika_krediti-1024x683.png 1024w, https:\/\/s-pet.si\/wp-content\/uploads\/2025\/11\/Slika_krediti-300x200.png 300w, https:\/\/s-pet.si\/wp-content\/uploads\/2025\/11\/Slika_krediti-768x512.png 768w, https:\/\/s-pet.si\/wp-content\/uploads\/2025\/11\/Slika_krediti.png 1200w\" sizes=\"auto, (max-width: 1024px) 100vw, 1024px\" \/><\/figure>\n<\/div>\n\n\n\n<div class=\"wp-block-column is-layout-flow wp-block-column-is-layout-flow\" style=\"flex-basis:80%\">\n<p style=\"font-size:clamp(14px, 0.875rem + ((1vw - 3.2px) * 0.345), 18px);\">Strankam nudimo celovito podporo pri pridobivanju povratnih sredstev (kreditov) in sicer:<\/p>\n\n\n\n<p style=\"font-size:clamp(14px, 0.875rem + ((1vw - 3.2px) * 0.345), 18px);\">\u2022 spremljanje in iskanje javnih razpisov, ki nudijo ugodne kredite,<br>\u2022 pripravo potrebne dokumentacije za prijavo na razpise (poslovni na\u010drt, investicijski program),<br>\u2022 usmerjanje pri zbiranju potrebne dokumentacije (obveznih prilog),<br>\u2022 sodelovanje z in\u0161titucijami, ki nudijo finan\u010dne vire (npr. predstavitev projekta na banki),<br>\u2022 podporo v \u010dasu izvajanja projekta (projektno vodenje).<\/p>\n<\/div>\n<\/div>\n\n\n\n<p><\/p>\n\n\n\n<p class=\"has-medium-font-size\"><strong>Investicijska dokumentacija<\/strong><\/p>\n\n\n\n<div class=\"wp-block-columns is-layout-flex wp-container-core-columns-is-layout-28f84493 wp-block-columns-is-layout-flex\">\n<div class=\"wp-block-column is-layout-flow wp-block-column-is-layout-flow\" style=\"flex-basis:80%\">\n<p style=\"font-size:clamp(14px, 0.875rem + ((1vw - 3.2px) * 0.345), 18px);\">Izdelujemo vse vrste investicijske dokumentacije za projekte javnega sektorja (investicijski projekti, ki se financirajo po predpisih, ki urejajo javne finance):<\/p>\n\n\n\n<ul class=\"wp-block-list\">\n<li style=\"font-size:clamp(14px, 0.875rem + ((1vw - 3.2px) * 0.345), 18px);\">tr\u017eenjske strategije,<\/li>\n\n\n\n<li style=\"font-size:clamp(14px, 0.875rem + ((1vw - 3.2px) * 0.345), 18px);\">feasibility \u0161tudije (\u0161tudije izvedljivosti),<\/li>\n\n\n\n<li style=\"font-size:clamp(14px, 0.875rem + ((1vw - 3.2px) * 0.345), 18px);\">investicijske dokumente (Dokument identifikacije investicijskega programa \u2013 DIIP, Predinvesticijska zasnova \u2013 PIZ in Investicijski program- IP),<\/li>\n\n\n\n<li style=\"font-size:clamp(14px, 0.875rem + ((1vw - 3.2px) * 0.345), 18px);\">CBA analize (analiza stro\u0161kov in koristi) \u2013 finan\u010dna analiza, ekonomska analiza, analiza ob\u010dutljivosti in tveganj.<\/li>\n<\/ul>\n<\/div>\n\n\n\n<div class=\"wp-block-column is-layout-flow wp-block-column-is-layout-flow\" style=\"flex-basis:33.33%\">\n<figure class=\"wp-block-image\"><img loading=\"lazy\" decoding=\"async\" width=\"520\" height=\"343\" src=\"https:\/\/s-pet.si\/wp-content\/uploads\/2025\/11\/Subvencije.png\" alt=\"\" class=\"wp-image-229\" srcset=\"https:\/\/s-pet.si\/wp-content\/uploads\/2025\/11\/Subvencije.png 520w, https:\/\/s-pet.si\/wp-content\/uploads\/2025\/11\/Subvencije-300x198.png 300w\" sizes=\"auto, (max-width: 520px) 100vw, 520px\" \/><\/figure>\n<\/div>\n<\/div>\n\n\n\n<p><\/p>\n\n\n\n<p class=\"has-medium-font-size\"><strong>Poslovno svetovanje<\/strong><\/p>\n\n\n\n<div class=\"wp-block-columns is-layout-flex wp-container-core-columns-is-layout-28f84493 wp-block-columns-is-layout-flex\">\n<div class=\"wp-block-column is-layout-flow wp-block-column-is-layout-flow\" style=\"flex-basis:33.33%\">\n<figure class=\"wp-block-image\"><img loading=\"lazy\" decoding=\"async\" width=\"1024\" height=\"641\" src=\"https:\/\/s-pet.si\/wp-content\/uploads\/2025\/11\/svetovanje-1024x641.png\" alt=\"\" class=\"wp-image-230\" srcset=\"https:\/\/s-pet.si\/wp-content\/uploads\/2025\/11\/svetovanje-1024x641.png 1024w, https:\/\/s-pet.si\/wp-content\/uploads\/2025\/11\/svetovanje-300x188.png 300w, https:\/\/s-pet.si\/wp-content\/uploads\/2025\/11\/svetovanje-768x481.png 768w, https:\/\/s-pet.si\/wp-content\/uploads\/2025\/11\/svetovanje.png 1200w\" sizes=\"auto, (max-width: 1024px) 100vw, 1024px\" \/><\/figure>\n<\/div>\n\n\n\n<div class=\"wp-block-column is-layout-flow wp-block-column-is-layout-flow\" style=\"flex-basis:80%\">\n<p style=\"font-size:clamp(14px, 0.875rem + ((1vw - 3.2px) * 0.345), 18px);\">Sodelujemo lahko na naslednjih podro\u010djih:<\/p>\n\n\n\n<ul class=\"wp-block-list\">\n<li style=\"font-size:clamp(14px, 0.875rem + ((1vw - 3.2px) * 0.345), 18px);\">Priprava poro\u010dil o poslovanju za zunanje uporabnike in sodelovanje z njimi (DURS, banke, revizorji\u2026),<\/li>\n\n\n\n<li style=\"font-size:clamp(14px, 0.875rem + ((1vw - 3.2px) * 0.345), 18px);\">upravljanje z likvidnostjo,<\/li>\n\n\n\n<li style=\"font-size:clamp(14px, 0.875rem + ((1vw - 3.2px) * 0.345), 18px);\">analiziranje poslovanja in podpora poslovodstvu ali lastniku pri odlo\u010danju.<\/li>\n<\/ul>\n<\/div>\n<\/div>\n\n\n\n<p><\/p>\n\n\n\n<p class=\"has-medium-font-size\"><strong>Podjetja v krizi<\/strong><\/p>\n\n\n\n<div class=\"wp-block-columns is-layout-flex wp-container-core-columns-is-layout-28f84493 wp-block-columns-is-layout-flex\">\n<div class=\"wp-block-column is-layout-flow wp-block-column-is-layout-flow\" style=\"flex-basis:66.66%\">\n<p style=\"font-size:clamp(14px, 0.875rem + ((1vw - 3.2px) * 0.345), 18px);\">Podjetjem svetujemo glede primernih ukrepov za izbolj\u0161anje teko\u010dega poslovanja, nudimo pa tudi pomo\u010d v postopkih prisilne poravnave.<\/p>\n\n\n\n<p style=\"font-size:clamp(14px, 0.875rem + ((1vw - 3.2px) * 0.345), 18px);\">Za postopke prisilne poravnave izdelujemo na\u010drte finan\u010dnega prestrukturiranja ter svetujemo pri pogajanjih z upniki.<\/p>\n<\/div>\n\n\n\n<div class=\"wp-block-column is-layout-flow wp-block-column-is-layout-flow\" style=\"flex-basis:33.33%\">\n<figure class=\"wp-block-image size-large\"><img loading=\"lazy\" decoding=\"async\" width=\"1024\" height=\"683\" src=\"https:\/\/s-pet.si\/wp-content\/uploads\/2025\/11\/alicia-christin-gerald-1024x683.jpg\" alt=\"\" class=\"wp-image-289\" srcset=\"https:\/\/s-pet.si\/wp-content\/uploads\/2025\/11\/alicia-christin-gerald-1024x683.jpg 1024w, https:\/\/s-pet.si\/wp-content\/uploads\/2025\/11\/alicia-christin-gerald-300x200.jpg 300w, https:\/\/s-pet.si\/wp-content\/uploads\/2025\/11\/alicia-christin-gerald-768x512.jpg 768w, https:\/\/s-pet.si\/wp-content\/uploads\/2025\/11\/alicia-christin-gerald-1536x1024.jpg 1536w, https:\/\/s-pet.si\/wp-content\/uploads\/2025\/11\/alicia-christin-gerald-2048x1365.jpg 2048w\" sizes=\"auto, (max-width: 1024px) 100vw, 1024px\" \/><\/figure>\n<\/div>\n<\/div>\n","protected":false},"excerpt":{"rendered":"<p>Nepovratna sredstva &#8211; subvencije V podjetju S 5 d.o.o. strankam nudimo celovito podporo pri pridobivanju nepovratnih sredstev, kar zajema:\u2022 spremljanje in iskanje javnih razpisov, ki nudijo nepovratna sredstva,\u2022 pomo\u010d pri oblikovanju ideje oz. projekta,\u2022 pripravo potrebne dokumentacije za prijavo na razpise (poslovni, predstavitveni, akcijski in okoljski na\u010drti \u2013 odvisno od zahtev razpisa), investicijski program,\u2022 usmerjanje &hellip; <\/p>\n<p class=\"link-more\"><a href=\"https:\/\/s-pet.si\/?page_id=250\" class=\"more-link\">Read more<span class=\"screen-reader-text\"> &#8220;Storitve&#8221;<\/span><\/a><\/p>\n","protected":false},"author":1,"featured_media":0,"parent":0,"menu_order":0,"comment_status":"closed","ping_status":"closed","template":"","meta":{"footnotes":""},"class_list":["post-250","page","type-page","status-publish","hentry"],"yoast_head":"<!-- This site is optimized with the Yoast SEO plugin v26.4 - https:\/\/yoast.com\/wordpress\/plugins\/seo\/ -->\n<title>Storitve -<\/title>\n<meta name=\"description\" content=\"V dru\u017ebi S 5 d.o.o. podjetjem in javnim institucijam svetujemo pri pridobivanju nepovratnih in povratnih sredstev iz razli\u010dnih skladov.\" \/>\n<meta name=\"robots\" content=\"index, follow, max-snippet:-1, max-image-preview:large, max-video-preview:-1\" \/>\n<link rel=\"canonical\" href=\"https:\/\/s-pet.si\/?page_id=250\" \/>\n<meta property=\"og:locale\" content=\"en_US\" \/>\n<meta property=\"og:type\" content=\"article\" \/>\n<meta property=\"og:title\" content=\"Storitve -\" \/>\n<meta property=\"og:description\" content=\"V dru\u017ebi S 5 d.o.o. podjetjem in javnim institucijam svetujemo pri pridobivanju nepovratnih in povratnih sredstev iz razli\u010dnih skladov.\" \/>\n<meta property=\"og:url\" content=\"https:\/\/s-pet.si\/?page_id=250\" \/>\n<meta property=\"article:modified_time\" content=\"2026-02-09T16:42:37+00:00\" \/>\n<meta property=\"og:image\" content=\"https:\/\/s-pet.si\/wp-content\/uploads\/2025\/11\/money.jpg\" \/>\n\t<meta property=\"og:image:width\" content=\"1024\" \/>\n\t<meta property=\"og:image:height\" content=\"707\" \/>\n\t<meta property=\"og:image:type\" content=\"image\/jpeg\" \/>\n<meta name=\"twitter:card\" content=\"summary_large_image\" \/>\n<meta name=\"twitter:label1\" content=\"Est. reading time\" \/>\n\t<meta name=\"twitter:data1\" content=\"3 minutes\" \/>\n<script type=\"application\/ld+json\" class=\"yoast-schema-graph\">{\"@context\":\"https:\/\/schema.org\",\"@graph\":[{\"@type\":\"WebPage\",\"@id\":\"https:\/\/s-pet.si\/?page_id=250\",\"url\":\"https:\/\/s-pet.si\/?page_id=250\",\"name\":\"Storitve -\",\"isPartOf\":{\"@id\":\"https:\/\/s-pet.si\/#website\"},\"primaryImageOfPage\":{\"@id\":\"https:\/\/s-pet.si\/?page_id=250#primaryimage\"},\"image\":{\"@id\":\"https:\/\/s-pet.si\/?page_id=250#primaryimage\"},\"thumbnailUrl\":\"https:\/\/s-pet.si\/wp-content\/uploads\/2025\/11\/money.jpg\",\"datePublished\":\"2025-11-27T04:31:21+00:00\",\"dateModified\":\"2026-02-09T16:42:37+00:00\",\"description\":\"V dru\u017ebi S 5 d.o.o. podjetjem in javnim institucijam svetujemo pri pridobivanju nepovratnih in povratnih sredstev iz razli\u010dnih skladov.\",\"breadcrumb\":{\"@id\":\"https:\/\/s-pet.si\/?page_id=250#breadcrumb\"},\"inLanguage\":\"en-US\",\"potentialAction\":[{\"@type\":\"ReadAction\",\"target\":[\"https:\/\/s-pet.si\/?page_id=250\"]}]},{\"@type\":\"ImageObject\",\"inLanguage\":\"en-US\",\"@id\":\"https:\/\/s-pet.si\/?page_id=250#primaryimage\",\"url\":\"https:\/\/s-pet.si\/wp-content\/uploads\/2025\/11\/money.jpg\",\"contentUrl\":\"https:\/\/s-pet.si\/wp-content\/uploads\/2025\/11\/money.jpg\",\"width\":1024,\"height\":707},{\"@type\":\"BreadcrumbList\",\"@id\":\"https:\/\/s-pet.si\/?page_id=250#breadcrumb\",\"itemListElement\":[{\"@type\":\"ListItem\",\"position\":1,\"name\":\"Home\",\"item\":\"https:\/\/s-pet.si\/\"},{\"@type\":\"ListItem\",\"position\":2,\"name\":\"Storitve\"}]},{\"@type\":\"WebSite\",\"@id\":\"https:\/\/s-pet.si\/#website\",\"url\":\"https:\/\/s-pet.si\/\",\"name\":\"Z nami na poslovno pot\",\"description\":\"\",\"publisher\":{\"@id\":\"https:\/\/s-pet.si\/#organization\"},\"potentialAction\":[{\"@type\":\"SearchAction\",\"target\":{\"@type\":\"EntryPoint\",\"urlTemplate\":\"https:\/\/s-pet.si\/?s={search_term_string}\"},\"query-input\":{\"@type\":\"PropertyValueSpecification\",\"valueRequired\":true,\"valueName\":\"search_term_string\"}}],\"inLanguage\":\"en-US\"},{\"@type\":\"Organization\",\"@id\":\"https:\/\/s-pet.si\/#organization\",\"name\":\"S 5 d.o.o.\",\"url\":\"https:\/\/s-pet.si\/\",\"logo\":{\"@type\":\"ImageObject\",\"inLanguage\":\"en-US\",\"@id\":\"https:\/\/s-pet.si\/#\/schema\/logo\/image\/\",\"url\":\"https:\/\/s-pet.si\/wp-content\/uploads\/2025\/12\/lOGO_NOV2.png\",\"contentUrl\":\"https:\/\/s-pet.si\/wp-content\/uploads\/2025\/12\/lOGO_NOV2.png\",\"width\":286,\"height\":55,\"caption\":\"S 5 d.o.o.\"},\"image\":{\"@id\":\"https:\/\/s-pet.si\/#\/schema\/logo\/image\/\"}}]}<\/script>\n<!-- \/ Yoast SEO plugin. -->","yoast_head_json":{"title":"Storitve -","description":"V dru\u017ebi S 5 d.o.o. podjetjem in javnim institucijam svetujemo pri pridobivanju nepovratnih in povratnih sredstev iz razli\u010dnih skladov.","robots":{"index":"index","follow":"follow","max-snippet":"max-snippet:-1","max-image-preview":"max-image-preview:large","max-video-preview":"max-video-preview:-1"},"canonical":"https:\/\/s-pet.si\/?page_id=250","og_locale":"en_US","og_type":"article","og_title":"Storitve -","og_description":"V dru\u017ebi S 5 d.o.o. podjetjem in javnim institucijam svetujemo pri pridobivanju nepovratnih in povratnih sredstev iz razli\u010dnih skladov.","og_url":"https:\/\/s-pet.si\/?page_id=250","article_modified_time":"2026-02-09T16:42:37+00:00","og_image":[{"width":1024,"height":707,"url":"https:\/\/s-pet.si\/wp-content\/uploads\/2025\/11\/money.jpg","type":"image\/jpeg"}],"twitter_card":"summary_large_image","twitter_misc":{"Est. reading time":"3 minutes"},"schema":{"@context":"https:\/\/schema.org","@graph":[{"@type":"WebPage","@id":"https:\/\/s-pet.si\/?page_id=250","url":"https:\/\/s-pet.si\/?page_id=250","name":"Storitve -","isPartOf":{"@id":"https:\/\/s-pet.si\/#website"},"primaryImageOfPage":{"@id":"https:\/\/s-pet.si\/?page_id=250#primaryimage"},"image":{"@id":"https:\/\/s-pet.si\/?page_id=250#primaryimage"},"thumbnailUrl":"https:\/\/s-pet.si\/wp-content\/uploads\/2025\/11\/money.jpg","datePublished":"2025-11-27T04:31:21+00:00","dateModified":"2026-02-09T16:42:37+00:00","description":"V dru\u017ebi S 5 d.o.o. podjetjem in javnim institucijam svetujemo pri pridobivanju nepovratnih in povratnih sredstev iz razli\u010dnih skladov.","breadcrumb":{"@id":"https:\/\/s-pet.si\/?page_id=250#breadcrumb"},"inLanguage":"en-US","potentialAction":[{"@type":"ReadAction","target":["https:\/\/s-pet.si\/?page_id=250"]}]},{"@type":"ImageObject","inLanguage":"en-US","@id":"https:\/\/s-pet.si\/?page_id=250#primaryimage","url":"https:\/\/s-pet.si\/wp-content\/uploads\/2025\/11\/money.jpg","contentUrl":"https:\/\/s-pet.si\/wp-content\/uploads\/2025\/11\/money.jpg","width":1024,"height":707},{"@type":"BreadcrumbList","@id":"https:\/\/s-pet.si\/?page_id=250#breadcrumb","itemListElement":[{"@type":"ListItem","position":1,"name":"Home","item":"https:\/\/s-pet.si\/"},{"@type":"ListItem","position":2,"name":"Storitve"}]},{"@type":"WebSite","@id":"https:\/\/s-pet.si\/#website","url":"https:\/\/s-pet.si\/","name":"Z nami na poslovno pot","description":"","publisher":{"@id":"https:\/\/s-pet.si\/#organization"},"potentialAction":[{"@type":"SearchAction","target":{"@type":"EntryPoint","urlTemplate":"https:\/\/s-pet.si\/?s={search_term_string}"},"query-input":{"@type":"PropertyValueSpecification","valueRequired":true,"valueName":"search_term_string"}}],"inLanguage":"en-US"},{"@type":"Organization","@id":"https:\/\/s-pet.si\/#organization","name":"S 5 d.o.o.","url":"https:\/\/s-pet.si\/","logo":{"@type":"ImageObject","inLanguage":"en-US","@id":"https:\/\/s-pet.si\/#\/schema\/logo\/image\/","url":"https:\/\/s-pet.si\/wp-content\/uploads\/2025\/12\/lOGO_NOV2.png","contentUrl":"https:\/\/s-pet.si\/wp-content\/uploads\/2025\/12\/lOGO_NOV2.png","width":286,"height":55,"caption":"S 5 d.o.o."},"image":{"@id":"https:\/\/s-pet.si\/#\/schema\/logo\/image\/"}}]}},"jetpack_sharing_enabled":true,"_links":{"self":[{"href":"https:\/\/s-pet.si\/index.php?rest_route=\/wp\/v2\/pages\/250","targetHints":{"allow":["GET"]}}],"collection":[{"href":"https:\/\/s-pet.si\/index.php?rest_route=\/wp\/v2\/pages"}],"about":[{"href":"https:\/\/s-pet.si\/index.php?rest_route=\/wp\/v2\/types\/page"}],"author":[{"embeddable":true,"href":"https:\/\/s-pet.si\/index.php?rest_route=\/wp\/v2\/users\/1"}],"replies":[{"embeddable":true,"href":"https:\/\/s-pet.si\/index.php?rest_route=%2Fwp%2Fv2%2Fcomments&post=250"}],"version-history":[{"count":28,"href":"https:\/\/s-pet.si\/index.php?rest_route=\/wp\/v2\/pages\/250\/revisions"}],"predecessor-version":[{"id":811,"href":"https:\/\/s-pet.si\/index.php?rest_route=\/wp\/v2\/pages\/250\/revisions\/811"}],"wp:attachment":[{"href":"https:\/\/s-pet.si\/index.php?rest_route=%2Fwp%2Fv2%2Fmedia&parent=250"}],"curies":[{"name":"wp","href":"https:\/\/api.w.org\/{rel}","templated":true}]}}